{"id":35,"date":"2023-11-28T01:23:44","date_gmt":"2023-11-28T01:23:44","guid":{"rendered":"https:\/\/fishanimals.com.mx\/?post_type=product&#038;p=35"},"modified":"2023-11-28T01:31:26","modified_gmt":"2023-11-28T01:31:26","slug":"vita-flora-125-ml-biomaa-f801","status":"publish","type":"product","link":"https:\/\/fishanimals.com.mx\/index.php\/producto\/vita-flora-125-ml-biomaa-f801\/","title":{"rendered":"VITA FLORA 125 ml. BIOMAA F801"},"content":{"rendered":"<p class=\"p1\"><b>Vita-Flora<\/b><\/p>\n<p class=\"p1\">\n<p class=\"p1\">Vita-Flora es una formulaci\u00f3n completa para promover el desarrollo de las plantas acu\u00e1ticas. \u00c9ste enriquecido con hierro y elementos traza indispensable para mantener saludable a sus plantas.<\/p>\n<p class=\"p1\">Vita Flora es un abono l\u00edquido para plantas acu\u00e1ticas, especialmente dise\u00f1ado para su uso en acuarios tropicales. Contiene todos los macro y micronutrientes que no se encuentran en los acuarios ordinariamente, como potasio, hierro, boro, magnesio, entre otros.<\/p>\n<p class=\"p1\">Su f\u00f3rmula exenta de nitratos y fosfatos no estimula el crecimiento de microalgas que ponen los vidrios y el agua del acuario, verde o caf\u00e9 en poco tiempo. La exclusi\u00f3n de nitratos y fosfatos se hizo pensando en que estos compuestos se generan paulatinamente en los acuarios, debido a la adici\u00f3n de alimentos y al metabolismo propio de los peces.<\/p>\n<p class=\"p1\">Cabe hacer menci\u00f3n de que las plantas para lograr un buen desarrollo, adem\u00e1s de tener nutrientes minerales esenciales disponibles, requieren de fuente adecuada de luz y bi\u00f3xido de carbono.<\/p>\n<p class=\"p1\">Por otro lado, tambi\u00e9n es importante atender a las caracter\u00edsticas propias de cada especie de planta que deseemos cultivar en nuestros acuarios, ya que hay algunas de aguas fr\u00edas, otras que no resisten las aguas duras, etc.<\/p>\n<p class=\"p1\">Es un abono l\u00edquido para plantas acu\u00e1ticas, especialmente dise\u00f1ado para su uso en acuarios tropicales.<\/p>\n<p class=\"p1\"><b>Instrucciones de uso:<\/b><\/p>\n<p class=\"p1\">Inicialmente agregue 10mL de Vita-Flora por cada 40 litros de agua y posteriormente 5mL por cada 40 litros de agua cada 15 d\u00edas.<\/p>\n<p class=\"p2\">\n","protected":false},"excerpt":{"rendered":"<p>Vita-Flora Vita-Flora es una formulaci\u00f3n completa para promover el desarrollo de las plantas acu\u00e1ticas. \u00c9ste enriquecido con hierro y elementos traza indispensable para mantener saludable a sus plantas. Vita Flora es un abono l\u00edquido para plantas acu\u00e1ticas, especialmente dise\u00f1ado para su uso en acuarios tropicales. Contiene todos los macro y micronutrientes que no se encuentran [&hellip;]<\/p>\n","protected":false},"featured_media":36,"comment_status":"open","ping_status":"closed","template":"","meta":[],"product_brand":[],"product_cat":[15],"product_tag":[19,21,20],"class_list":{"0":"post-35","1":"product","2":"type-product","3":"status-publish","4":"has-post-thumbnail","6":"product_cat-sin-categorizar","7":"product_tag-abono-para-plantas-acuaticas","8":"product_tag-biomaa","9":"product_tag-vita-flora","11":"first","12":"onbackorder","13":"shipping-taxable","14":"purchasable","15":"product-type-simple"},"jetpack_sharing_enabled":true,"_links":{"self":[{"href":"https:\/\/fishanimals.com.mx\/index.php\/wp-json\/wp\/v2\/product\/35","targetHints":{"allow":["GET"]}}],"collection":[{"href":"https:\/\/fishanimals.com.mx\/index.php\/wp-json\/wp\/v2\/product"}],"about":[{"href":"https:\/\/fishanimals.com.mx\/index.php\/wp-json\/wp\/v2\/types\/product"}],"replies":[{"embeddable":true,"href":"https:\/\/fishanimals.com.mx\/index.php\/wp-json\/wp\/v2\/comments?post=35"}],"wp:featuredmedia":[{"embeddable":true,"href":"https:\/\/fishanimals.com.mx\/index.php\/wp-json\/wp\/v2\/media\/36"}],"wp:attachment":[{"href":"https:\/\/fishanimals.com.mx\/index.php\/wp-json\/wp\/v2\/media?parent=35"}],"wp:term":[{"taxonomy":"product_brand","embeddable":true,"href":"https:\/\/fishanimals.com.mx\/index.php\/wp-json\/wp\/v2\/product_brand?post=35"},{"taxonomy":"product_cat","embeddable":true,"href":"https:\/\/fishanimals.com.mx\/index.php\/wp-json\/wp\/v2\/product_cat?post=35"},{"taxonomy":"product_tag","embeddable":true,"href":"https:\/\/fishanimals.com.mx\/index.php\/wp-json\/wp\/v2\/product_tag?post=35"}],"curies":[{"name":"wp","href":"https:\/\/api.w.org\/{rel}","templated":true}]}}